{"id":297,"date":"2024-02-09T17:10:12","date_gmt":"2024-02-09T16:10:12","guid":{"rendered":"https:\/\/happyfugu-new.igelbox.de\/?page_id=297"},"modified":"2026-01-08T10:36:26","modified_gmt":"2026-01-08T09:36:26","slug":"rezerwacje","status":"publish","type":"page","link":"https:\/\/happyfugu.pl\/de\/rezerwacje\/","title":{"rendered":"Reservierung"},"content":{"rendered":"<p>[et_pb_section fb_built=&#8221;1&#8243; _builder_version=&#8221;4.24.0&#8243; _module_preset=&#8221;default&#8221; background_color=&#8221;#e6ddcd&#8221; global_colors_info=&#8221;{}&#8221;][et_pb_row _builder_version=&#8221;4.24.0&#8243; _module_preset=&#8221;default&#8221; global_colors_info=&#8221;{}&#8221;][et_pb_column type=&#8221;4_4&#8243; _builder_version=&#8221;4.24.0&#8243; _module_preset=&#8221;default&#8221; global_colors_info=&#8221;{}&#8221;][et_pb_text _builder_version=&#8221;4.24.0&#8243; _module_preset=&#8221;default&#8221; global_colors_info=&#8221;{}&#8221;]<\/p>\n<h1>Preise und Reservierung<\/h1>\n<p>[\/et_pb_text][\/et_pb_column][\/et_pb_row][et_pb_row column_structure=&#8221;1_4,1_4,1_4,1_4&#8243; use_custom_gutter=&#8221;on&#8221; gutter_width=&#8221;1&#8243; _builder_version=&#8221;4.24.0&#8243; _module_preset=&#8221;default&#8221; max_width=&#8221;1300px&#8221; custom_margin=&#8221;||0px||false|false&#8221; custom_padding=&#8221;||0px||false|false&#8221; global_colors_info=&#8221;{}&#8221;][et_pb_column type=&#8221;1_4&#8243; _builder_version=&#8221;4.24.0&#8243; _module_preset=&#8221;default&#8221; custom_padding=&#8221;1em|1em|1em|1em|true|true&#8221; global_colors_info=&#8221;{}&#8221;][et_pb_text _builder_version=&#8221;4.27.4&#8243; _module_preset=&#8221;default&#8221; text_font=&#8221;|600|||||||&#8221; text_text_color=&#8221;#FFFFFF&#8221; text_font_size=&#8221;20px&#8221; background_color=&#8221;#89b7b2&#8243; text_orientation=&#8221;center&#8221; custom_margin=&#8221;||0.5em||false|false&#8221; custom_padding=&#8221;1em||1em||true|false&#8221; border_radii=&#8221;on|15px|15px|15px|15px&#8221; global_colors_info=&#8221;{}&#8221;]<\/p>\n<p>27.04 \u2013 03.05<\/p>\n<p>[\/et_pb_text][et_pb_text _builder_version=&#8221;4.27.4&#8243; _module_preset=&#8221;default&#8221; text_font=&#8221;|700|||||||&#8221; text_text_color=&#8221;#024597&#8243; text_font_size=&#8221;52px&#8221; text_line_height=&#8221;1em&#8221; background_enable_color=&#8221;off&#8221; text_orientation=&#8221;center&#8221; custom_margin=&#8221;||0.5em||false|false&#8221; custom_padding=&#8221;0.5em||0.5em||true|false&#8221; border_radii=&#8221;on|15px|15px|15px|15px&#8221; border_width_all=&#8221;5px&#8221; border_color_all=&#8221;#89b7b2&#8243; global_colors_info=&#8221;{}&#8221;]<\/p>\n<p>540 <span style=\"font-size: 20px;\">PLN \/ Tag<\/span><br \/><span style=\"font-size: 20px; font-weight: 600;\">min. 3 Tage<\/span><\/p>\n<p>[\/et_pb_text][\/et_pb_column][et_pb_column type=&#8221;1_4&#8243; _builder_version=&#8221;4.24.0&#8243; _module_preset=&#8221;default&#8221; custom_padding=&#8221;1em|1em|1em|1em|true|true&#8221; global_colors_info=&#8221;{}&#8221;][et_pb_text _builder_version=&#8221;4.27.4&#8243; _module_preset=&#8221;default&#8221; text_font=&#8221;|600|||||||&#8221; text_text_color=&#8221;#FFFFFF&#8221; text_font_size=&#8221;20px&#8221; background_color=&#8221;#89b7b2&#8243; text_orientation=&#8221;center&#8221; custom_margin=&#8221;||0.5em||false|false&#8221; custom_padding=&#8221;1em||1em||true|false&#8221; border_radii=&#8221;on|15px|15px|15px|15px&#8221; global_colors_info=&#8221;{}&#8221;]<\/p>\n<p>04.05 \u2013 23.06<\/p>\n<p>[\/et_pb_text][et_pb_text _builder_version=&#8221;4.27.4&#8243; _module_preset=&#8221;default&#8221; text_font=&#8221;|700|||||||&#8221; text_text_color=&#8221;#024597&#8243; text_font_size=&#8221;52px&#8221; text_line_height=&#8221;1em&#8221; background_enable_color=&#8221;off&#8221; text_orientation=&#8221;center&#8221; custom_margin=&#8221;||0.5em||false|false&#8221; custom_padding=&#8221;0.5em||0.5em||true|false&#8221; border_radii=&#8221;on|15px|15px|15px|15px&#8221; border_width_all=&#8221;5px&#8221; border_color_all=&#8221;#89b7b2&#8243; global_colors_info=&#8221;{}&#8221;]<\/p>\n<p>450 <span style=\"font-size: 20px;\">PLN \/ Tag<\/span><br \/><span style=\"font-size: 20px; font-weight: 600;\">min. 4 Tage<\/span><\/p>\n<p>[\/et_pb_text][\/et_pb_column][et_pb_column type=&#8221;1_4&#8243; _builder_version=&#8221;4.24.0&#8243; _module_preset=&#8221;default&#8221; custom_padding=&#8221;1em|1em|1em|1em|true|true&#8221; global_colors_info=&#8221;{}&#8221;][et_pb_text _builder_version=&#8221;4.27.4&#8243; _module_preset=&#8221;default&#8221; text_font=&#8221;|600|||||||&#8221; text_text_color=&#8221;#FFFFFF&#8221; text_font_size=&#8221;20px&#8221; background_color=&#8221;#89b7b2&#8243; text_orientation=&#8221;center&#8221; custom_margin=&#8221;||0.5em||false|false&#8221; custom_padding=&#8221;1em||1em||true|false&#8221; border_radii=&#8221;on|15px|15px|15px|15px&#8221; global_colors_info=&#8221;{}&#8221;]<\/p>\n<p>24.06 \u2013 16.08<\/p>\n<p>[\/et_pb_text][et_pb_text _builder_version=&#8221;4.27.4&#8243; _module_preset=&#8221;default&#8221; text_font=&#8221;|700|||||||&#8221; text_text_color=&#8221;#024597&#8243; text_font_size=&#8221;52px&#8221; text_line_height=&#8221;1em&#8221; background_enable_color=&#8221;off&#8221; text_orientation=&#8221;center&#8221; custom_margin=&#8221;||0.5em||false|false&#8221; custom_padding=&#8221;0.5em||0.5em||true|false&#8221; border_radii=&#8221;on|15px|15px|15px|15px&#8221; border_width_all=&#8221;5px&#8221; border_color_all=&#8221;#89b7b2&#8243; global_colors_info=&#8221;{}&#8221;]<\/p>\n<p>570 <span style=\"font-size: 20px;\">PLN \/ Tag<\/span><br \/><span style=\"font-size: 20px; font-weight: 600;\">min. 7 Tage<\/span><\/p>\n<p>[\/et_pb_text][\/et_pb_column][et_pb_column type=&#8221;1_4&#8243; _builder_version=&#8221;4.24.0&#8243; _module_preset=&#8221;default&#8221; custom_padding=&#8221;1em|1em|1em|1em|true|true&#8221; global_colors_info=&#8221;{}&#8221;][et_pb_text _builder_version=&#8221;4.27.4&#8243; _module_preset=&#8221;default&#8221; text_font=&#8221;|600|||||||&#8221; text_text_color=&#8221;#FFFFFF&#8221; text_font_size=&#8221;20px&#8221; background_color=&#8221;#89b7b2&#8243; text_orientation=&#8221;center&#8221; custom_margin=&#8221;||0.5em||false|false&#8221; custom_padding=&#8221;1em||1em||true|false&#8221; border_radii=&#8221;on|15px|15px|15px|15px&#8221; global_colors_info=&#8221;{}&#8221;]<\/p>\n<p>17.08 \u2013 31.10<\/p>\n<p>[\/et_pb_text][et_pb_text _builder_version=&#8221;4.27.4&#8243; _module_preset=&#8221;default&#8221; text_font=&#8221;|700|||||||&#8221; text_text_color=&#8221;#024597&#8243; text_font_size=&#8221;52px&#8221; text_line_height=&#8221;1em&#8221; background_enable_color=&#8221;off&#8221; text_orientation=&#8221;center&#8221; custom_margin=&#8221;||0.5em||false|false&#8221; custom_padding=&#8221;0.5em||0.5em||true|false&#8221; border_radii=&#8221;on|15px|15px|15px|15px&#8221; border_width_all=&#8221;5px&#8221; border_color_all=&#8221;#89b7b2&#8243; global_colors_info=&#8221;{}&#8221;]<\/p>\n<p>450 <span style=\"font-size: 20px;\">PLN \/ Tag<\/span><br \/><span style=\"font-size: 20px; font-weight: 600;\">min. 3 Tage<\/span><\/p>\n<p>[\/et_pb_text][\/et_pb_column][\/et_pb_row][et_pb_row use_custom_gutter=&#8221;on&#8221; gutter_width=&#8221;1&#8243; _builder_version=&#8221;4.24.0&#8243; _module_preset=&#8221;default&#8221; max_width=&#8221;1300px&#8221; custom_margin=&#8221;0px||0px||false|false&#8221; custom_padding=&#8221;0px||||false|false&#8221; global_colors_info=&#8221;{}&#8221;][et_pb_column type=&#8221;4_4&#8243; _builder_version=&#8221;4.24.0&#8243; _module_preset=&#8221;default&#8221; custom_padding=&#8221;1em|1em|1em|1em|true|true&#8221; global_colors_info=&#8221;{}&#8221;][et_pb_text _builder_version=&#8221;4.24.0&#8243; _module_preset=&#8221;default&#8221; text_font=&#8221;|600|||||||&#8221; text_text_color=&#8221;#024597&#8243; text_font_size=&#8221;25px&#8221; text_line_height=&#8221;1em&#8221; background_enable_color=&#8221;off&#8221; custom_margin=&#8221;||0.5em||false|false&#8221; custom_padding=&#8221;||||true|true&#8221; border_color_all=&#8221;#89b7b2&#8243; global_colors_info=&#8221;{}&#8221;]<\/p>\n<div>\n<div style=\"line-height:1.5em;\">\n<i class=\"fas fa-house-user\"><\/i> Haus f\u00fcr 4 Personen - weitere G\u00e4ste auf Anfrage<br \/>\n<i class=\"fas fa-bath\"><\/i> Badezimmer mit Dusche \u2013 Handt\u00fccher nicht vergessen<br \/>\n<i class=\"far fa-clock\"><\/i> Bitte rufen Sie 30 Minuten vor dem Check-in an\n<\/div>\n<div style=\"margin-top:1.5em\">Hier finden Sie die AGB <i class=\"fas fa-arrow-right\"><\/i> <a href=\"https:\/\/happyfugu.pl\/de\/regulamin-happyfugu\/\">AGB<\/a><\/div>\n<\/div>\n<p>[\/et_pb_text][\/et_pb_column][\/et_pb_row][et_pb_row _builder_version=&#8221;4.24.0&#8243; _module_preset=&#8221;default&#8221; global_colors_info=&#8221;{}&#8221;][et_pb_column type=&#8221;4_4&#8243; _builder_version=&#8221;4.24.0&#8243; _module_preset=&#8221;default&#8221; global_colors_info=&#8221;{}&#8221;][et_pb_text _builder_version=&#8221;4.24.0&#8243; _module_preset=&#8221;default&#8221; locked=&#8221;off&#8221; global_colors_info=&#8221;{}&#8221;]<\/p>\n<h1>Reservierung<\/h1>\n<p>[\/et_pb_text][dsm_contact_form_7 cf7_library=&#8221;301&#8243; input_background_color=&#8221;#FFFFFF&#8221; admin_label=&#8221;Supreme Contact Form 7&#8243; _builder_version=&#8221;4.24.0&#8243; _module_preset=&#8221;default&#8221; labels_text_color=&#8221;#000000&#8243; labels_font_size=&#8221;15px&#8221; custom_button_one=&#8221;on&#8221; button_one_text_size=&#8221;16px&#8221; button_one_text_color=&#8221;#FFFFFF&#8221; button_one_bg_color=&#8221;#024597&#8243; button_one_border_color=&#8221;#00ffff&#8221; button_one_border_radius=&#8221;15px&#8221; button_one_font=&#8221;|600|||||||&#8221; button_one_custom_padding=&#8221;1em|1.5em|1em|1.5em|true|true&#8221; global_colors_info=&#8221;{}&#8221; button_one_border_radius__hover_enabled=&#8221;on|desktop&#8221; button_one_border_radius__hover=&#8221;15px&#8221;][\/dsm_contact_form_7][\/et_pb_column][\/et_pb_row][\/et_pb_section]<\/p>","protected":false},"excerpt":{"rendered":"<p>Ceny i rezerwacja27.04 \u2013 03.05540 PLN \/ dobamin. 3 noclegi04.05 \u2013 23.06450 PLN \/ dobamin. 4 noclegi24.06 \u2013 16.08570 PLN \/ dobamin. 7 nocleg\u00f3w17.08 \u2013 31.10450 PLN \/ dobamin. 3 noclegi Domek 4-osobowy \u2013 wi\u0119cej go\u015bci na zapytanie \u0141azienka z prysznicem \u2013 nie zapomnij o swoich r\u0119cznikach Prosimy, zadzwo\u0144 30 minut przed zameldowaniem Tu znajdziesz [&hellip;]<\/p>","protected":false},"author":1,"featured_media":0,"parent":0,"menu_order":0,"comment_status":"closed","ping_status":"closed","template":"","meta":{"_acf_changed":false,"_et_pb_use_builder":"on","_et_pb_old_content":"","_et_gb_content_width":"","footnotes":""},"class_list":["post-297","page","type-page","status-publish","hentry"],"acf":[],"_links":{"self":[{"href":"https:\/\/happyfugu.pl\/de\/wp-json\/wp\/v2\/pages\/297","targetHints":{"allow":["GET"]}}],"collection":[{"href":"https:\/\/happyfugu.pl\/de\/wp-json\/wp\/v2\/pages"}],"about":[{"href":"https:\/\/happyfugu.pl\/de\/wp-json\/wp\/v2\/types\/page"}],"author":[{"embeddable":true,"href":"https:\/\/happyfugu.pl\/de\/wp-json\/wp\/v2\/users\/1"}],"replies":[{"embeddable":true,"href":"https:\/\/happyfugu.pl\/de\/wp-json\/wp\/v2\/comments?post=297"}],"version-history":[{"count":15,"href":"https:\/\/happyfugu.pl\/de\/wp-json\/wp\/v2\/pages\/297\/revisions"}],"predecessor-version":[{"id":543,"href":"https:\/\/happyfugu.pl\/de\/wp-json\/wp\/v2\/pages\/297\/revisions\/543"}],"wp:attachment":[{"href":"https:\/\/happyfugu.pl\/de\/wp-json\/wp\/v2\/media?parent=297"}],"curies":[{"name":"wp","href":"https:\/\/api.w.org\/{rel}","templated":true}]}}