{"id":318,"date":"2024-02-12T09:37:01","date_gmt":"2024-02-12T08:37:01","guid":{"rendered":"https:\/\/happyfugu-new.igelbox.de\/?page_id=318"},"modified":"2024-02-13T17:21:25","modified_gmt":"2024-02-13T16:21:25","slug":"regulamin-happyfugu","status":"publish","type":"page","link":"https:\/\/happyfugu.pl\/de\/regulamin-happyfugu\/","title":{"rendered":"AGB"},"content":{"rendered":"<p>[et_pb_section fb_built=&#8221;1&#8243; _builder_version=&#8221;4.24.0&#8243; _module_preset=&#8221;default&#8221; hover_enabled=&#8221;0&#8243; global_colors_info=&#8221;{}&#8221; background_color=&#8221;#e6ddcd&#8221; sticky_enabled=&#8221;0&#8243;][et_pb_row _builder_version=&#8221;4.24.0&#8243; _module_preset=&#8221;default&#8221; global_colors_info=&#8221;{}&#8221;][et_pb_column type=&#8221;4_4&#8243; _builder_version=&#8221;4.24.0&#8243; _module_preset=&#8221;default&#8221; global_colors_info=&#8221;{}&#8221;][et_pb_text _builder_version=&#8221;4.24.0&#8243; _module_preset=&#8221;default&#8221; header_4_line_height=&#8221;1.5em&#8221; global_colors_info=&#8221;{}&#8221;]<\/p>\n<div data-elementor-type=\"wp-page\" data-elementor-id=\"740\" class=\"elementor elementor-740\" data-elementor-post-type=\"page\">\n<section class=\"elementor-section elementor-top-section elementor-element elementor-element-1a1b6ca ang-section-padding-no elementor-section-boxed elementor-section-height-default elementor-section-height-default elementor-repeater-item-none elementor-repeater-item-none_hover\" data-id=\"1a1b6ca\" data-element_type=\"section\" data-settings=\"{&quot;_ha_eqh_enable&quot;:false}\">\n<div class=\"elementor-container elementor-column-gap-default\">\n<div class=\"elementor-column elementor-col-100 elementor-top-column elementor-element elementor-element-3237e75 elementor-repeater-item-none elementor-repeater-item-none_hover\" data-id=\"3237e75\" data-element_type=\"column\">\n<div class=\"elementor-widget-wrap elementor-element-populated\">\n<div class=\"elementor-element elementor-element-38e0062 elementor-repeater-item-none elementor-repeater-item-none_hover elementor-widget elementor-widget-heading\" data-id=\"38e0062\" data-element_type=\"widget\" data-widget_type=\"heading.default\">\n<div class=\"elementor-widget-container\">\n<h1 class=\"elementor-heading-title elementor-size-default\">AGB<\/h1>\n<\/div>\n<\/div>\n<\/div>\n<\/div>\n<\/div>\n<\/section>\n<section class=\"elementor-section elementor-top-section elementor-element elementor-element-278e922b ang-section-padding-no elementor-section-boxed elementor-section-height-default elementor-section-height-default elementor-repeater-item-none elementor-repeater-item-none_hover\" data-id=\"278e922b\" data-element_type=\"section\" data-settings=\"{&quot;_ha_eqh_enable&quot;:false}\">\n<div class=\"elementor-container elementor-column-gap-default\">\n<div class=\"elementor-column elementor-col-100 elementor-top-column elementor-element elementor-element-2b1e6a9 elementor-repeater-item-none elementor-repeater-item-none_hover\" data-id=\"2b1e6a9\" data-element_type=\"column\">\n<div class=\"elementor-widget-wrap elementor-element-populated\">\n<div class=\"elementor-element elementor-element-71b16091 elementor-repeater-item-none elementor-repeater-item-none_hover elementor-widget elementor-widget-text-editor\" data-id=\"71b16091\" data-element_type=\"widget\" data-widget_type=\"text-editor.default\">\n<div class=\"elementor-widget-container\">\n<p>Wir haben diese Bestimmungen f\u00fcr Sie erstellt, um eine friedliche und sichere Erholung zu gew\u00e4hrleisten. Alle Personen, die sich in den R\u00e4umlichkeiten von Happyfugu aufhalten, sind verpflichtet, diese einzuhalten. Mit Ihrer Reservierung akzeptieren Sie die Happyfugu-AGB.<\/p>\n<p>Der Eigent\u00fcmer von Happyfugu beantwortet gerne alle Fragen zu den AGB oder zum Aufenthalt.<\/p>\n<h2>\u00a7 Reservierung und Geb\u00fchren<\/h2>\n<p class=\"has-text-align-left\">Zum Zeitpunkt der ersten Zahlung wird der Mietvertrag zwischen dem Eigent\u00fcmer der Happyfugu-H\u00e4uschen (nachstehend: Eigent\u00fcmer) und der Person, die das H\u00e4uschen mietet (nachstehend: der Mieter), geschlossen.<\/p>\n<p class=\"has-text-align-left\">Bitte best\u00e4tigen Sie Ihre vorl\u00e4ufige Reservierung, indem Sie eine Vorauszahlung in H\u00f6he von 50 % der Aufenthaltskosten auf das Happyfugu Konto leisten (Maria Tywonek-Redka, IBAN PL67 2030 0045 1130 0000 0718 0070). Bitte geben Sie den Namen der Person, die die Buchung vornimmt, und das Datum der Ankunft im \u00dcberweisungszweck an. Wir warten 1 Tag auf die Anzahlung, danach verf\u00e4llt die Reservierung.<\/p>\n<p class=\"has-text-align-left\">Der verbleibende Betrag f\u00fcr den Aufenthalt muss bei der Ankunft in bar bezahlt werden, zusammen mit einer Kaution von 200 PLN. Die Kaution wird bei der Abreise der G\u00e4ste zur\u00fcckerstattet, nachdem keine Sch\u00e4den festgestellt wurden.<\/p>\n<p class=\"has-text-align-left\">Eine Verk\u00fcrzung des Aufenthalts durch den Mieter, eine Verschiebung oder ein R\u00fccktritt vom Aufenthalt weniger als 30 Tage vor Beginn des Aufenthalts in Happyfugu verpflichtet den Eigent\u00fcmer nicht, dem Vermieter den nicht genutzten Aufenthalt zu erstatten.<\/p>\n<h2>\u00a7 An-und Abreise<\/h2>\n<p>Check-in ist um 15 Uhr und Check-out ist bis 10 Uhr. Im Falle der Beendigung des Aufenthalts und der Nichtr\u00e4umung des Ferienhauses bis 10:00 Uhr wird dem Mieter der n\u00e4chste Tag in Rechnung gestellt.<\/p>\n<p>Vor dem Einchecken muss der Mieter einen g\u00fcltigen Ausweis zur Registrierung vorlegen.<\/p>\n<h2>\u00a7 Aufenthalt<\/h2>\n<p>Die Nachtruhe gilt von 22:00 bis 7:00 Uhr. Personen, die den Frieden und die Ordnung st\u00f6ren oder die Bestimmungen der Happyfugu-Bestimmungen grob nicht einhalten, werden ohne R\u00fcckerstattung f\u00fcr nicht genutzten Aufenthalt aus dem Bungalow entfernt.<\/p>\n<p>Besucher der Mieter k\u00f6nnen nach vorheriger Benachrichtigung des Eigent\u00fcmers von 12.00 bis 22.00 Uhr in den R\u00e4umlichkeiten von Happyfugu bleiben.<\/p>\n<p>Kinder unter 16 Jahren sollten in den Happyfugu-R\u00e4umlichkeiten immer unter der Aufsicht von Erwachsenen bleiben.<\/p>\n<h2>\u00a7 Pflichten des Mieters<\/h2>\n<p>Bei der Nutzung des Ferienhauses auftretende M\u00e4ngel melden Sie bitte unverz\u00fcglich dem Eigent\u00fcmer.<\/p>\n<p>Rauchen, Anz\u00fcnden von Kerzen, R\u00e4ucherst\u00e4bchen und anderen offenen Feuerquellen ist in den H\u00e4usern strengstens verboten. Verwenden Sie im Brandfall den Feuerl\u00f6scher in der H\u00fctte und benachrichtigen Sie sofort die Feuerwehr und den Eigent\u00fcmer von Happyfugu.<\/p>\n<p>Bitte seien Sie vorsichtig, wenn Sie Fenster und T\u00fcren schlie\u00dfen sowie Tore und Pforten zum Objekt schlie\u00dfen.<\/p>\n<p>Es ist nicht gestattet, eigene Heizger\u00e4te in den H\u00e4uschen zu verwenden. Es ist verboten, elektrische Ger\u00e4te unbeaufsichtigt zu lassen.<\/p>\n<p>Der Mieter tr\u00e4gt die volle finanzielle Haftung f\u00fcr besch\u00e4digte oder verlorene Gegenst\u00e4nde, die zusammen mit dem Haus zum Gebrauch \u00fcbergeben werden. Sch\u00e4den, die durch das Verschulden des Mieters verursacht wurden, werden vor Ort abgerechnet.<\/p>\n<p>Der Verlust der Schl\u00fcssel ist f\u00fcr den Mieter mit Kosten verbunden.<\/p>\n<h2>\u00a7 Aufenthalt von Tieren<\/h2>\n<p>Der Aufenthalt von Tieren ist nicht kostenlos.<\/p>\n<p>Der Aufenthalt von Tieren ist nur nach vorheriger Absprache mit dem Besitzer von Happyfugu gestattet.<\/p>\n<p>Der Besitzer des Tieres ist verpflichtet, einen g\u00fcltigen Impfpass f\u00fcr sein Haustier zu haben.<\/p>\n<p>Der Besitzer des Tieres tr\u00e4gt die volle Verantwortung f\u00fcr das Tier und Sch\u00e4den, die durch sein Verschulden entstehen.<\/p>\n<p>Haustiere d\u00fcrfen den Rest nicht st\u00f6ren oder eine Bedrohung f\u00fcr andere Urlauber darstellen. Haustiere m\u00fcssen unter der Aufsicht ihres Besitzers und Hunde an der Leine sein. Es ist verboten, Hunde ohne Leine auf dem Gel\u00e4nde von Happyfug zu f\u00fchren.<\/p>\n<p>Haustiere sind auf Sofas, Betten, St\u00fchlen und anderen M\u00f6beln nicht gestattet.<\/p>\n<p>Die Nichtbeachtung der Bestimmungen dieses Absatzes kann zur sofortigen K\u00fcndigung des Mietvertrags f\u00fchren, ohne dass die Kosten f\u00fcr den verbleibenden Aufenthalt erstattet werden.<\/p>\n<h2>\u00a7 Haftung von Happyfugu<\/h2>\n<p>Der Eigent\u00fcmer von Happyfugu ist nicht verantwortlich f\u00fcr Ausf\u00e4lle, einschlie\u00dflich der Nichtverf\u00fcgbarkeit von Medien, Strom, Wasser und Fernsehen, sowie f\u00fcr deren Folgen.<\/p>\n<p>Die Versicherung ist nicht im Preis f\u00fcr den Aufenthalt in den Happyfugu H\u00e4uschen enthalten. Der Eigent\u00fcmer der H\u00e4uschen haftet nicht f\u00fcr Diebstahl von Eigentum, Besch\u00e4digung oder Diebstahl von Eigentum, Verletzungen, Sch\u00e4den an Gesundheit oder Leben usw.<\/p>\n<h2>\u00a7 Schlussbestimmungen<\/h2>\n<p>Der Eigent\u00fcmer von Happyfugu beh\u00e4lt sich das Recht vor, die vorliegenden AGB, die Preisliste, den Inhalt der Website, Angebote und Anzeigen zu \u00e4ndern.<\/p>\n<\/div>\n<\/div>\n<\/div>\n<\/div>\n<\/div>\n<\/section>\n<section class=\"elementor-section elementor-top-section elementor-element elementor-element-990dd29 ang-section-padding-no elementor-section-boxed elementor-section-height-default elementor-section-height-default elementor-repeater-item-none elementor-repeater-item-none_hover\" data-id=\"990dd29\" data-element_type=\"section\" data-settings=\"{&quot;_ha_eqh_enable&quot;:false}\">\n<div class=\"elementor-container elementor-column-gap-default\">\n<div class=\"elementor-column elementor-col-100 elementor-top-column elementor-element elementor-element-dc44356 elementor-repeater-item-none elementor-repeater-item-none_hover\" data-id=\"dc44356\" data-element_type=\"column\">\n<div class=\"elementor-widget-wrap elementor-element-populated\">\n<div class=\"elementor-element elementor-element-fac0a77 elementor-repeater-item-none elementor-repeater-item-none_hover elementor-widget elementor-widget-heading\" data-id=\"fac0a77\" data-element_type=\"widget\" data-widget_type=\"heading.default\">\n<div class=\"elementor-widget-container\">\n<h4 style=\"margin-top:2em;\" class=\"elementor-heading-title elementor-size-default\">Wir w\u00fcnschen Ihnen einen sch\u00f6nen Urlaub \ud83d\ude42<\/h4>\n<\/div>\n<\/div>\n<\/div>\n<\/div>\n<\/div>\n<\/section>\n<\/div>\n<p>[\/et_pb_text][\/et_pb_column][\/et_pb_row][\/et_pb_section]<\/p>","protected":false},"excerpt":{"rendered":"<p>Regulamin Niniejszy Regulamin stworzyli\u015bmy dla Pa\u0144stwa z my\u015bl\u0105 o spokojnym i bezpiecznym wypoczynku. Wszystkie osoby, przebywaj\u0105ce na terenie Happyfugu zobowi\u0105zane s\u0105 do jego przestrzegania. Dokonanie rezerwacji jest jednoznaczne z zaakceptowaniem Regulaminu Happyfugu. W\u0142a\u015bciciel Happyfugu ch\u0119tnie udzieli odpowiedzi na wszelkie pytania, zwi\u0105zane z regulaminem lub pobytem. \u00a7 Rezerwacja i op\u0142aty W momencie dokonania pierwszej wp\u0142aty umowa [&hellip;]<\/p>","protected":false},"author":1,"featured_media":0,"parent":0,"menu_order":0,"comment_status":"closed","ping_status":"closed","template":"","meta":{"_acf_changed":false,"_et_pb_use_builder":"on","_et_pb_old_content":"","_et_gb_content_width":"","footnotes":""},"class_list":["post-318","page","type-page","status-publish","hentry"],"acf":[],"_links":{"self":[{"href":"https:\/\/happyfugu.pl\/de\/wp-json\/wp\/v2\/pages\/318","targetHints":{"allow":["GET"]}}],"collection":[{"href":"https:\/\/happyfugu.pl\/de\/wp-json\/wp\/v2\/pages"}],"about":[{"href":"https:\/\/happyfugu.pl\/de\/wp-json\/wp\/v2\/types\/page"}],"author":[{"embeddable":true,"href":"https:\/\/happyfugu.pl\/de\/wp-json\/wp\/v2\/users\/1"}],"replies":[{"embeddable":true,"href":"https:\/\/happyfugu.pl\/de\/wp-json\/wp\/v2\/comments?post=318"}],"version-history":[{"count":4,"href":"https:\/\/happyfugu.pl\/de\/wp-json\/wp\/v2\/pages\/318\/revisions"}],"predecessor-version":[{"id":403,"href":"https:\/\/happyfugu.pl\/de\/wp-json\/wp\/v2\/pages\/318\/revisions\/403"}],"wp:attachment":[{"href":"https:\/\/happyfugu.pl\/de\/wp-json\/wp\/v2\/media?parent=318"}],"curies":[{"name":"wp","href":"https:\/\/api.w.org\/{rel}","templated":true}]}}