{"id":322,"date":"2024-02-12T09:49:30","date_gmt":"2024-02-12T08:49:30","guid":{"rendered":"https:\/\/happyfugu-new.igelbox.de\/?page_id=322"},"modified":"2025-06-30T18:21:17","modified_gmt":"2025-06-30T16:21:17","slug":"informacje-prawne","status":"publish","type":"page","link":"https:\/\/happyfugu.pl\/de\/informacje-prawne\/","title":{"rendered":"Impressum"},"content":{"rendered":"<p>[et_pb_section fb_built=&#8221;1&#8243; _builder_version=&#8221;4.24.0&#8243; _module_preset=&#8221;default&#8221; background_color=&#8221;#e6ddcd&#8221; global_colors_info=&#8221;{}&#8221;][et_pb_row _builder_version=&#8221;4.24.0&#8243; _module_preset=&#8221;default&#8221; global_colors_info=&#8221;{}&#8221;][et_pb_column type=&#8221;4_4&#8243; _builder_version=&#8221;4.24.0&#8243; _module_preset=&#8221;default&#8221; global_colors_info=&#8221;{}&#8221;][et_pb_text _builder_version=&#8221;4.27.4&#8243; _module_preset=&#8221;default&#8221; header_2_line_height=&#8221;1.2em&#8221; hover_enabled=&#8221;0&#8243; global_colors_info=&#8221;{}&#8221; sticky_enabled=&#8221;0&#8243;]<\/p>\n<div data-elementor-type=\"wp-page\" data-elementor-id=\"384\" class=\"elementor elementor-384\" data-elementor-post-type=\"page\">\n<section class=\"elementor-section elementor-top-section elementor-element elementor-element-72aa42a ang-section-padding-no elementor-section-boxed elementor-section-height-default elementor-section-height-default elementor-repeater-item-none elementor-repeater-item-none_hover\" data-id=\"72aa42a\" data-element_type=\"section\" data-settings=\"{&quot;_ha_eqh_enable&quot;:false}\">\n<div class=\"elementor-container elementor-column-gap-default\">\n<div class=\"elementor-column elementor-col-100 elementor-top-column elementor-element elementor-element-904bc2a elementor-repeater-item-none elementor-repeater-item-none_hover\" data-id=\"904bc2a\" data-element_type=\"column\">\n<div class=\"elementor-widget-wrap elementor-element-populated\">\n<div class=\"elementor-element elementor-element-6722370 elementor-repeater-item-none elementor-repeater-item-none_hover elementor-widget elementor-widget-heading\" data-id=\"6722370\" data-element_type=\"widget\" data-widget_type=\"heading.default\">\n<div class=\"elementor-widget-container\">\n<h1 class=\"elementor-heading-title elementor-size-default\">Impressum<\/h1>\n<\/div>\n<\/div>\n<\/div>\n<\/div>\n<\/div>\n<\/section>\n<section class=\"elementor-section elementor-top-section elementor-element elementor-element-ce89a27 ang-section-padding-no elementor-section-boxed elementor-section-height-default elementor-section-height-default elementor-repeater-item-none elementor-repeater-item-none_hover\" data-id=\"ce89a27\" data-element_type=\"section\" data-settings=\"{&quot;_ha_eqh_enable&quot;:false}\">\n<div class=\"elementor-container elementor-column-gap-default\">\n<div class=\"elementor-column elementor-col-100 elementor-top-column elementor-element elementor-element-94b0b87 elementor-repeater-item-none elementor-repeater-item-none_hover\" data-id=\"94b0b87\" data-element_type=\"column\">\n<div class=\"elementor-widget-wrap elementor-element-populated\">\n<div class=\"elementor-element elementor-element-82ddb9b elementor-repeater-item-none elementor-repeater-item-none_hover elementor-widget elementor-widget-text-editor\" data-id=\"82ddb9b\" data-element_type=\"widget\" data-widget_type=\"text-editor.default\">\n<div class=\"elementor-widget-container\">\n<h2>Informationen \u00fcber den Verwalter<\/h2>\n<p>Die Verwalterin dieser Website ist Maria Tywonek-Redka, die unter dem Namen Maria Tywonek-Redka Happyfugu mit Sitz in Mi\u0119dzyzdroje, Nowomy\u015bliwska 20a Stra\u00dfe, im Folgenden als Verwalterin bezeichnet, eine Gesch\u00e4ftst\u00e4tigkeit unter dem Namen Maria Tywonek-Redka Happyfugu aus\u00fcbt.<\/p>\n<p>Steueridentifikationsnummer NIP: 9860227877<\/p>\n<p>&nbsp;<\/p>\n<h2>Informationen zur Unterbringung<\/h2>\n<p>IONOS SE, Elgendorfer Str. 57, 56410 Montabaur ist verantwortlich f\u00fcr die technische Infrastruktur (Server), auf der diese Website ver\u00f6ffentlicht wird.<\/p>\n<p>&nbsp;<\/p>\n<h2>Urheberrecht<\/h2>\n<p>Diese Website und alle ihre Elemente, einschlie\u00dflich Domainnamen, Marken, Logos, Handelsmarken, Zeichnungen, Illustrationen, Fotos, Texte, Grafiken und andere Dateien, die auf dieser Website platziert sind, sind durch die geltenden Gesetze \u00fcber geistiges Eigentum gesch\u00fctzt und der Administrator ist ihr Eigent\u00fcmer oder sie sind Gegenstand einer Lizenz zu ihrer Nutzung.<\/p>\n<p>&nbsp;<\/p>\n<h2>Eigentumsrechte an den Bildern<\/h2>\n<div>Die Eigentumsrechte an allen auf dieser Website verwendeten Bildern liegen beim Administrator.<\/div>\n<div><\/div>\n<h2><\/h2>\n<p>&nbsp;<\/p>\n<h2>Kontakt<\/h2>\n<div>Unsere Kontaktdaten finden Sie auf der Seite <a href=\"\/de\/#Kontakt\">Kontakt<\/a>.<\/div>\n<\/div>\n<\/div>\n<\/div>\n<\/div>\n<\/div>\n<\/section>\n<\/div>\n<p>[\/et_pb_text][\/et_pb_column][\/et_pb_row][\/et_pb_section]<\/p>","protected":false},"excerpt":{"rendered":"<p>Informacje prawne Informacje dotycz\u0105ce administratora Administratorem niniejszej strony internetowej jest Maria Tywonek-Redka, prowadz\u0105ca dzia\u0142alno\u015b\u0107 gospodarcz\u0105 pod nazw\u0105 Maria Tywonek-Redka Happyfugu z siedzib\u0105 w Mi\u0119dzyzdrojach, ul. Nowomy\u015bliwska 20a, zwana dalej Administratorem. Numer identyfikacji podatkowej NIP: 9860227877 &nbsp; Informacje dotycz\u0105ce hostingu Za infrastruktur\u0119 techniczn\u0105 (serwer), na kt\u00f3rej opublikowana jest niniejsza strona internetowa odpowiedzialna jest firma IONOS SE [&hellip;]<\/p>","protected":false},"author":1,"featured_media":0,"parent":0,"menu_order":0,"comment_status":"closed","ping_status":"closed","template":"","meta":{"_acf_changed":false,"_et_pb_use_builder":"on","_et_pb_old_content":"","_et_gb_content_width":"","footnotes":""},"class_list":["post-322","page","type-page","status-publish","hentry"],"acf":[],"_links":{"self":[{"href":"https:\/\/happyfugu.pl\/de\/wp-json\/wp\/v2\/pages\/322","targetHints":{"allow":["GET"]}}],"collection":[{"href":"https:\/\/happyfugu.pl\/de\/wp-json\/wp\/v2\/pages"}],"about":[{"href":"https:\/\/happyfugu.pl\/de\/wp-json\/wp\/v2\/types\/page"}],"author":[{"embeddable":true,"href":"https:\/\/happyfugu.pl\/de\/wp-json\/wp\/v2\/users\/1"}],"replies":[{"embeddable":true,"href":"https:\/\/happyfugu.pl\/de\/wp-json\/wp\/v2\/comments?post=322"}],"version-history":[{"count":4,"href":"https:\/\/happyfugu.pl\/de\/wp-json\/wp\/v2\/pages\/322\/revisions"}],"predecessor-version":[{"id":536,"href":"https:\/\/happyfugu.pl\/de\/wp-json\/wp\/v2\/pages\/322\/revisions\/536"}],"wp:attachment":[{"href":"https:\/\/happyfugu.pl\/de\/wp-json\/wp\/v2\/media?parent=322"}],"curies":[{"name":"wp","href":"https:\/\/api.w.org\/{rel}","templated":true}]}}